{"id":30300,"date":"2023-05-15T11:27:03","date_gmt":"2023-05-15T09:27:03","guid":{"rendered":"https:\/\/www.ofible.ch\/kontakt\/"},"modified":"2025-10-30T11:55:23","modified_gmt":"2025-10-30T10:55:23","slug":"kontakt","status":"publish","type":"page","link":"https:\/\/www.ofible.ch\/de\/kontakt\/","title":{"rendered":"Kontakt"},"content":{"rendered":"<div class=\"wpb-content-wrapper\"><p>[vc_row][vc_column]<div class=\"dfd-spacer-module\"  data-units=\"px\" data-wide_resolution=\"1280\" data-wide_size=\"150\" data-normal_resolution=\"1024\" data-normal_size=\"120\" data-tablet_resolution=\"800\" data-tablet_size=\"100\" data-mobile_resolution=\"480\" data-mobile_size=\"80\" style=\"height: 150px;\"><\/div>[\/vc_column][\/vc_row][vc_row css=&#8220;.vc_custom_1684142694488{padding-right: 25px !important;padding-left: 25px !important;}&#8220;][vc_column width=&#8220;1\/3&#8243; dfd_column_responsive_enable=&#8220;dfd-column-responsive-enable&#8220; css=&#8220;.vc_custom_1686642977232{padding-right: 25px !important;}&#8220; col_shadow=&#8220;box_shadow_enable:disable|shadow_horizontal:0|shadow_vertical:15|shadow_blur:50|shadow_spread:0|box_shadow_color:rgba(0%2C0%2C0%2C.35)&#8220; col_shadow_hover=&#8220;box_shadow_enable:disable|shadow_horizontal:0|shadow_vertical:15|shadow_blur:50|shadow_spread:0|box_shadow_color:rgba(0%2C0%2C0%2C.35)&#8220; responsive_styles=&#8220;padding_bottom_mobile:50|padding_right_mobile:0&#8243;]<div class=\"dfd-heading-shortcode\"><div class=\"dfd-heading-module-wrap  text-left style_01 dfd-heading-69e20a31263f7 dfd-disable-resposive-headings\" id=\"dfd-heading-69e20a31263f7\" ><div class=\"inline-block\"><div class=\"dfd-heading-module\"><h1 class=\"widget-title dfd-title \" style=\"\">Kontakt<\/h1><\/div><\/div><\/div><script type=\"text\/javascript\">\r\n\t\t\t\t\t\t\t\t\t(function($) {\r\n\t\t\t\t\t\t\t\t\t\t$(\"head\").append(\"<style>.dfd-heading-69e20a31263f7 .dfd-heading-module .widget-title {margin-bottom:25px;}.dfd-heading-69e20a31263f7.dfd-heading-module-wrap .dfd-heading-module .dfd-heading-delimiter {margin-top:10px;margin-bottom:10px;}@media (max-width: 799px){.dfd-heading-69e20a31263f7 .dfd-title{font-size: 30px !important;letter-spacing: 0px !important;line-height: 36px !important;}}<\/style>\");\r\n\t\t\t\t\t\t\t\t\t})(jQuery);\r\n\t\t\t\t\t\t\t\t<\/script><\/div>[vc_column_text]<strong>Officine Idroelettriche<\/strong><br \/><strong>di Blenio SA<\/strong><\/p>\n<p>Via in Selva 11<br \/>6604 Locarno<br \/>+41 91 756 66 66<br \/><a href=\"mailto:blenio@ofible.ch\">E-mail<\/a>[\/vc_column_text][\/vc_column][vc_column width=&#8220;2\/3&#8243; dfd_column_responsive_enable=&#8220;dfd-column-responsive-enable&#8220; css=&#8220;.vc_custom_1684142714074{padding-left: 25px !important;}&#8220; col_shadow=&#8220;box_shadow_enable:disable|shadow_horizontal:0|shadow_vertical:15|shadow_blur:50|shadow_spread:0|box_shadow_color:rgba(0%2C0%2C0%2C.35)&#8220; col_shadow_hover=&#8220;box_shadow_enable:disable|shadow_horizontal:0|shadow_vertical:15|shadow_blur:50|shadow_spread:0|box_shadow_color:rgba(0%2C0%2C0%2C.35)&#8220; responsive_styles=&#8220;padding_left_mobile:0&#8243;]<div class=\"dfd-heading-shortcode\"><div class=\"dfd-heading-module-wrap  text-left style_01 dfd-heading-69e20a3126754 dfd-disable-resposive-headings\" id=\"dfd-heading-69e20a3126754\" ><div class=\"inline-block\"><div class=\"dfd-heading-module\"><h1 class=\"widget-title dfd-title \" style=\"\">Anreise<\/h1><\/div><\/div><\/div><script type=\"text\/javascript\">\r\n\t\t\t\t\t\t\t\t\t(function($) {\r\n\t\t\t\t\t\t\t\t\t\t$(\"head\").append(\"<style>.dfd-heading-69e20a3126754 .dfd-heading-module .widget-title {margin-bottom:25px;}.dfd-heading-69e20a3126754.dfd-heading-module-wrap .dfd-heading-module .dfd-heading-delimiter {margin-top:10px;margin-bottom:10px;}@media (max-width: 799px){.dfd-heading-69e20a3126754 .dfd-title{font-size: 30px !important;letter-spacing: 0px !important;line-height: 36px !important;}}<\/style>\");\r\n\t\t\t\t\t\t\t\t\t})(jQuery);\r\n\t\t\t\t\t\t\t\t<\/script><\/div><div id=\"idinfobox69e20a312691f\" class=\"dfd-info-box clearfix style-01 layout-04  idinfobox69e20a312691f\" ><div class=\"dfd-animate-container\"><div class=\"icon-wrapper\"><div class=\"module-icon\" style=\"border-radius:px;font-size:60px;\"><div class=\"hover-layer\" ><\/div><img decoding=\"async\" src=\"https:\/\/www.ofible.ch\/wp-content\/uploads\/2023\/08\/icona_auto_blu.svg\" alt=\"Image icon\" style=\"width: 60px;opacity: 1;\" \/><\/div><\/div><div class=\"content-wrap ovh\"><div class=\"description\" style=\"\"><\/div><\/div><\/div><\/div>[vc_column_text]Vom Zentrum von Locarno aus fahren Sie in Richtung Kreisverkehr Piazza Castello und nehmen die Ausfahrt in Richtung Vallemaggia, \u00fcberqueren die Kreuzung Cinque Vie mit der Ampel und fahren auf der Via Alberto Franzoni weiter, biegen an der dritten Strasse links in die Via in Selva ein.<br \/>Vom Mappo-Morettina-Strassentunnel aus fahren Sie geradeaus und nehmen die Ausfahrt Richtung Centovalli\/Onsernone\/Vallemaggia\/Losone, fahren weiter auf der Via Locarno und nehmen am Kreisverkehr die erste Ausfahrt, \u00fcberqueren die Br\u00fccke und nehmen am zweiten Kreisverkehr wieder die erste Ausfahrt auf die Via Bartolomeo Varenna, fahren geradeaus und biegen dann die dritte Strasse links in die Via in Selva ein.<br \/>Einige G\u00e4steparkpl\u00e4tze vor Ort verf\u00fcgbar, alternativ gibt es Blauzone-Parkpl\u00e4tze in den anliegenden Strassen. Nur wenige Gehminuten entfernt befindet sich der Parkplatz S. Antonio.[\/vc_column_text]<div class=\"dfd-spacer-module\"  data-units=\"px\" data-wide_resolution=\"1280\" data-wide_size=\"50\" data-normal_resolution=\"1024\" data-normal_size=\"50\" data-tablet_resolution=\"800\" data-tablet_size=\"50\" data-mobile_resolution=\"480\" data-mobile_size=\"50\" style=\"height: 50px;\"><\/div><div id=\"idinfobox69e20a3127709\" class=\"dfd-info-box clearfix style-01 layout-04  idinfobox69e20a3127709\" ><div class=\"dfd-animate-container\"><div class=\"icon-wrapper\"><div class=\"module-icon\" style=\"border-radius:px;font-size:60px;\"><div class=\"hover-layer\" ><\/div><img decoding=\"async\" src=\"https:\/\/www.ofible.ch\/wp-content\/uploads\/2023\/08\/icona_bus_blu.svg\" alt=\"Image icon\" style=\"width: 60px;opacity: 1;\" \/><\/div><\/div><div class=\"content-wrap ovh\"><div class=\"description\" style=\"\"><\/div><\/div><\/div><\/div>[vc_column_text]Vom Bahnhof Locarno aus k\u00f6nnen Sie den Bus Nr. 7 in Richtung Losone Caserma oder Losone Zandone nehmen und an der Haltestelle Locarno \u2013 Selva aussteigen. Von dort aus erreichen Sie unseren Verwaltungssitz in einer Minute zu Fuss.[\/vc_column_text][\/vc_column][\/vc_row][vc_row anchor=&#8220;offerte&#8220;][vc_column]<div class=\"dfd-spacer-module\"  data-units=\"px\" data-wide_resolution=\"1280\" data-wide_size=\"150\" data-normal_resolution=\"1024\" data-normal_size=\"120\" data-tablet_resolution=\"800\" data-tablet_size=\"100\" data-mobile_resolution=\"480\" data-mobile_size=\"80\" style=\"height: 150px;\"><\/div>[\/vc_column][\/vc_row][vc_row dfd_row_config=&#8220;full_width_content&#8220;][vc_column]<div class=\"dfd-gmap-module map_69e20a312800d \" ><div id=\"map_69e20a312800d\" class=\"map-holder\"><\/div>\r\n\t\t\t\t\t<script type=\"text\/javascript\">\r\n\t\t\t\t\t\t(function($) {\r\n\t\t\t\t\t\t\t$(document).ready(function () {\r\n\t\t\t\t\t\t\t\t$(\"#map_69e20a312800d\").bind('gmap-reload', function() {\r\n\t\t\t\t\t\t\t\t\t\t gmap3_init();\r\n\t\t\t\t\t\t\t\t\t});\r\n\r\n\t\t\t\t\t\t\t\tgmap3_init();\r\n\r\n\t\t\t\t\t\t\t\tfunction gmap3_init() {\r\n\t\t\t\t\t\t\t\t\t$(\"#map_69e20a312800d\").gmap3('destroy');\r\n\r\n\t\t\t\t\t\t\t\t\t$(\"#map_69e20a312800d\").gmap3({\r\n\t\t\t\t\t\t\t\t\t\tmarker: {\r\n\t\t\t\t\t\t\t\t\t\t\tvalues: [{address: \" Via in Selva 11, 6604 Locarno\" , data:\"Via in Selva 11, 6604 Locarno\", options:{icon: \"https:\/\/www.ofible.ch\/wp-content\/uploads\/2023\/06\/ofima_marker_contatti.png\"}}],\r\n\t\t\t\t\t\t\t\t\t\t\tevents:{\r\n\t\t\t\t\t\t\t\t\t\t\t\tclick: function(marker, event, context){\r\n\t\t\t\t\t\t\t\t\t\t\t\t\tvar map = jQuery(this).gmap3(\"get\"),\r\n\t\t\t\t\t\t\t\t\t\t\t\t\t\tinfowindow = $(this).gmap3({get:{name:\"infowindow\"}});\r\n\t\t\t\t\t\t\t\t\t\t\t\t\tif (infowindow){\r\n\t\t\t\t\t\t\t\t\t\t\t\t\t\tinfowindow.open(map, marker);\r\n\t\t\t\t\t\t\t\t\t\t\t\t\t\tinfowindow.setContent('<div class=\"noscroll\">'+context.data+'<\/div>');\r\n\t\t\t\t\t\t\t\t\t\t\t\t\t} else {\r\n\t\t\t\t\t\t\t\t\t\t\t\t\t\t$(this).gmap3({\r\n\t\t\t\t\t\t\t\t\t\t\t\t\t\t\tinfowindow:{\r\n\t\t\t\t\t\t\t\t\t\t\t\t\t\t\t\tanchor:marker,\r\n\t\t\t\t\t\t\t\t\t\t\t\t\t\t\t\toptions:{content: '<div class=\"noscroll\">'+context.data+'<\/div>'}\r\n\t\t\t\t\t\t\t\t\t\t\t\t\t\t\t}\r\n\t\t\t\t\t\t\t\t\t\t\t\t\t\t});\r\n\t\t\t\t\t\t\t\t\t\t\t\t\t}\r\n\t\t\t\t\t\t\t\t\t\t\t\t}\r\n\t\t\t\t\t\t\t\t\t\t\t}\r\n\t\t\t\t\t\t\t\t\t\t},\r\n\t\t\t\t\t\t\t\t\tmap: {\r\n\t\t\t\t\t\t\t\t\t\toptions: {\r\n\t\t\t\t\t\t\t\t\t\t\tzoom: 15,\r\n\t\t\t\t\t\t\t\t\t\t\tzoomControl: true,styles:[{'stylers':[{'saturation':-100},{'gamma':1}]},{'elementType':'labels.text.stroke','stylers':[{'visibility':'off'}]},{'featureType':'poi.business','elementType':'labels.text','stylers':[{'visibility':'off'}]},{'featureType':'poi.business','elementType':'labels.icon','stylers':[{'visibility':'off'}]},{'featureType':'poi.place_of_worship','elementType':'labels.text','stylers':[{'visibility':'off'}]},{'featureType':'poi.place_of_worship','elementType':'labels.icon','stylers':[{'visibility':'off'}]},{'featureType':'road','elementType':'geometry','stylers':[{'visibility':'simplified'}]},{'featureType':'water','stylers':[{'visibility':'on'},{'saturation':50},{'gamma':0},{'hue':'#50a5d1'}]},{'featureType':'administrative.neighborhood','elementType':'labels.text.fill','stylers':[{'color':'#333333'}]},{'featureType':'road.local','elementType':'labels.text','stylers':[{'weight':0.5},{'color':'#333333'}]},{'featureType':'transit.station','elementType':'labels.icon','stylers':[{'gamma':1},{'saturation':50}]}],scrollwheel: false,\r\n\t\t\t\t\t\t\t\t\t\t\tstreetViewControl: false,\r\n\t\t\t\t\t\t\t\t\t\t\tmapTypeControl: false\r\n\t\t\t\t\t\t\t\t\t\t}\r\n\t\t\t\t\t\t\t\t\t}\r\n\t\t\t\t\t\t\t\t});\r\n\t\t\t\t\t\t\t}\r\n\t\t\t\t\t\t});$(\"head\").append(\"<style>#map_69e20a312800d {height: 750px;}@media (max-width: 1279px) and (min-width: 1024px) {.dfd-gmap-module #map_69e20a312800d {height: 600px;}}@media (max-width: 1023px) and (min-width: 800px) {.dfd-gmap-module #map_69e20a312800d {height: 600px;}}@media (max-width: 799px) {.dfd-gmap-module #map_69e20a312800d {height: 450px;}}<\/style>\");})(jQuery);\r\n\t\t\t\t<\/script><\/div>[\/vc_column][\/vc_row]<\/p>\n<\/div>","protected":false},"excerpt":{"rendered":"<p>[vc_row][vc_column][\/vc_column][\/vc_row][vc_row css=&#8220;.vc_custom_1684142694488{padding-right: 25px !important;padding-left: 25px !important;}&#8220;][vc_column width=&#8220;1\/3&#8243; dfd_column_responsive_enable=&#8220;dfd-column-responsive-enable&#8220; css=&#8220;.vc_custom_1686642977232{padding-right: 25px !important;}&#8220; col_shadow=&#8220;box_shadow_enable:disable|shadow_horizontal:0|shadow_vertical:15|shadow_blur:50|shadow_spread:0|box_shadow_color:rgba(0%2C0%2C0%2C.35)&#8220; col_shadow_hover=&#8220;box_shadow_enable:disable|shadow_horizontal:0|shadow_vertical:15|shadow_blur:50|shadow_spread:0|box_shadow_color:rgba(0%2C0%2C0%2C.35)&#8220; responsive_styles=&#8220;padding_bottom_mobile:50|padding_right_mobile:0&#8243;][vc_column_text]Officine Idroelettrichedi Blenio SA Via in Selva 116604 Locarno+41 91 756 66 66E-mail[\/vc_column_text][\/vc_column][vc_column width=&#8220;2\/3&#8243; dfd_column_responsive_enable=&#8220;dfd-column-responsive-enable&#8220; css=&#8220;.vc_custom_1684142714074{padding-left: 25px<\/p>\n","protected":false},"author":1,"featured_media":0,"parent":0,"menu_order":0,"comment_status":"closed","ping_status":"closed","template":"page-custom.php","meta":{"inline_featured_image":false,"_monsterinsights_skip_tracking":false,"_monsterinsights_sitenote_active":false,"_monsterinsights_sitenote_note":"","_monsterinsights_sitenote_category":0,"footnotes":""},"class_list":["post-30300","page","type-page","status-publish","hentry"],"yoast_head":"<!-- This site is optimized with the Yoast SEO plugin v26.4 - https:\/\/yoast.com\/wordpress\/plugins\/seo\/ -->\n<title>Kontakt - Ofible - Officine Idroelettriche di Blenio SA<\/title>\n<meta name=\"description\" content=\"Le Officine Idroelettriche di Blenio SA (Ofible) utilizzano le forze idriche del Brenno e dei suoi affluenti...\" \/>\n<meta name=\"robots\" content=\"index, follow, max-snippet:-1, max-image-preview:large, max-video-preview:-1\" \/>\n<link rel=\"canonical\" href=\"https:\/\/www.ofible.ch\/de\/kontakt\/\" \/>\n<meta property=\"og:locale\" content=\"de_DE\" \/>\n<meta property=\"og:type\" content=\"article\" \/>\n<meta property=\"og:title\" content=\"Kontakt - Ofible - Officine Idroelettriche di Blenio SA\" \/>\n<meta property=\"og:description\" content=\"Le Officine Idroelettriche di Blenio SA (Ofible) utilizzano le forze idriche del Brenno e dei suoi affluenti...\" \/>\n<meta property=\"og:url\" content=\"https:\/\/www.ofible.ch\/de\/kontakt\/\" \/>\n<meta property=\"og:site_name\" content=\"Ofible\" \/>\n<meta property=\"article:modified_time\" content=\"2025-10-30T10:55:23+00:00\" \/>\n<meta property=\"og:image\" content=\"https:\/\/www.ofible.ch\/wp-content\/uploads\/2023\/06\/Ofible_luzzone_copertina_home-1024x576.jpg\" \/>\n\t<meta property=\"og:image:width\" content=\"1024\" \/>\n\t<meta property=\"og:image:height\" content=\"576\" \/>\n\t<meta property=\"og:image:type\" content=\"image\/jpeg\" \/>\n<meta name=\"twitter:card\" content=\"summary_large_image\" \/>\n<meta name=\"twitter:label1\" content=\"Gesch\u00e4tzte Lesezeit\" \/>\n\t<meta name=\"twitter:data1\" content=\"3\u00a0Minuten\" \/>\n<script type=\"application\/ld+json\" class=\"yoast-schema-graph\">{\"@context\":\"https:\/\/schema.org\",\"@graph\":[{\"@type\":\"WebPage\",\"@id\":\"https:\/\/www.ofible.ch\/de\/kontakt\/\",\"url\":\"https:\/\/www.ofible.ch\/de\/kontakt\/\",\"name\":\"Kontakt - Ofible - Officine Idroelettriche di Blenio SA\",\"isPartOf\":{\"@id\":\"https:\/\/www.ofible.ch\/de\/#website\"},\"datePublished\":\"2023-05-15T09:27:03+00:00\",\"dateModified\":\"2025-10-30T10:55:23+00:00\",\"description\":\"Le Officine Idroelettriche di Blenio SA (Ofible) utilizzano le forze idriche del Brenno e dei suoi affluenti...\",\"breadcrumb\":{\"@id\":\"https:\/\/www.ofible.ch\/de\/kontakt\/#breadcrumb\"},\"inLanguage\":\"de\",\"potentialAction\":[{\"@type\":\"ReadAction\",\"target\":[\"https:\/\/www.ofible.ch\/de\/kontakt\/\"]}]},{\"@type\":\"BreadcrumbList\",\"@id\":\"https:\/\/www.ofible.ch\/de\/kontakt\/#breadcrumb\",\"itemListElement\":[{\"@type\":\"ListItem\",\"position\":1,\"name\":\"Home\",\"item\":\"https:\/\/www.ofible.ch\/de\/\"},{\"@type\":\"ListItem\",\"position\":2,\"name\":\"Kontakt\"}]},{\"@type\":\"WebSite\",\"@id\":\"https:\/\/www.ofible.ch\/de\/#website\",\"url\":\"https:\/\/www.ofible.ch\/de\/\",\"name\":\"Ofible\",\"description\":\"Officine idroelettriche di Blenio SA\",\"publisher\":{\"@id\":\"https:\/\/www.ofible.ch\/de\/#organization\"},\"potentialAction\":[{\"@type\":\"SearchAction\",\"target\":{\"@type\":\"EntryPoint\",\"urlTemplate\":\"https:\/\/www.ofible.ch\/de\/?s={search_term_string}\"},\"query-input\":{\"@type\":\"PropertyValueSpecification\",\"valueRequired\":true,\"valueName\":\"search_term_string\"}}],\"inLanguage\":\"de\"},{\"@type\":\"Organization\",\"@id\":\"https:\/\/www.ofible.ch\/de\/#organization\",\"name\":\"Officine idroelettriche di Blenio SA\",\"url\":\"https:\/\/www.ofible.ch\/de\/\",\"logo\":{\"@type\":\"ImageObject\",\"inLanguage\":\"de\",\"@id\":\"https:\/\/www.ofible.ch\/de\/#\/schema\/logo\/image\/\",\"url\":\"https:\/\/www.ofible.ch\/wp-content\/uploads\/2023\/02\/Ofima_officine_idroelettriche_maggia_logo.svg\",\"contentUrl\":\"https:\/\/www.ofible.ch\/wp-content\/uploads\/2023\/02\/Ofima_officine_idroelettriche_maggia_logo.svg\",\"width\":\"1024\",\"height\":\"1024\",\"caption\":\"Officine idroelettriche di Blenio SA\"},\"image\":{\"@id\":\"https:\/\/www.ofible.ch\/de\/#\/schema\/logo\/image\/\"},\"sameAs\":[\"https:\/\/ch.linkedin.com\/company\/officine-idroelettriche-della-maggia-sa\"]}]}<\/script>\n<!-- \/ Yoast SEO plugin. -->","yoast_head_json":{"title":"Kontakt - Ofible - Officine Idroelettriche di Blenio SA","description":"Le Officine Idroelettriche di Blenio SA (Ofible) utilizzano le forze idriche del Brenno e dei suoi affluenti...","robots":{"index":"index","follow":"follow","max-snippet":"max-snippet:-1","max-image-preview":"max-image-preview:large","max-video-preview":"max-video-preview:-1"},"canonical":"https:\/\/www.ofible.ch\/de\/kontakt\/","og_locale":"de_DE","og_type":"article","og_title":"Kontakt - Ofible - Officine Idroelettriche di Blenio SA","og_description":"Le Officine Idroelettriche di Blenio SA (Ofible) utilizzano le forze idriche del Brenno e dei suoi affluenti...","og_url":"https:\/\/www.ofible.ch\/de\/kontakt\/","og_site_name":"Ofible","article_modified_time":"2025-10-30T10:55:23+00:00","og_image":[{"width":1024,"height":576,"url":"https:\/\/www.ofible.ch\/wp-content\/uploads\/2023\/06\/Ofible_luzzone_copertina_home-1024x576.jpg","type":"image\/jpeg"}],"twitter_card":"summary_large_image","twitter_misc":{"Gesch\u00e4tzte Lesezeit":"3\u00a0Minuten"},"schema":{"@context":"https:\/\/schema.org","@graph":[{"@type":"WebPage","@id":"https:\/\/www.ofible.ch\/de\/kontakt\/","url":"https:\/\/www.ofible.ch\/de\/kontakt\/","name":"Kontakt - Ofible - Officine Idroelettriche di Blenio SA","isPartOf":{"@id":"https:\/\/www.ofible.ch\/de\/#website"},"datePublished":"2023-05-15T09:27:03+00:00","dateModified":"2025-10-30T10:55:23+00:00","description":"Le Officine Idroelettriche di Blenio SA (Ofible) utilizzano le forze idriche del Brenno e dei suoi affluenti...","breadcrumb":{"@id":"https:\/\/www.ofible.ch\/de\/kontakt\/#breadcrumb"},"inLanguage":"de","potentialAction":[{"@type":"ReadAction","target":["https:\/\/www.ofible.ch\/de\/kontakt\/"]}]},{"@type":"BreadcrumbList","@id":"https:\/\/www.ofible.ch\/de\/kontakt\/#breadcrumb","itemListElement":[{"@type":"ListItem","position":1,"name":"Home","item":"https:\/\/www.ofible.ch\/de\/"},{"@type":"ListItem","position":2,"name":"Kontakt"}]},{"@type":"WebSite","@id":"https:\/\/www.ofible.ch\/de\/#website","url":"https:\/\/www.ofible.ch\/de\/","name":"Ofible","description":"Officine idroelettriche di Blenio SA","publisher":{"@id":"https:\/\/www.ofible.ch\/de\/#organization"},"potentialAction":[{"@type":"SearchAction","target":{"@type":"EntryPoint","urlTemplate":"https:\/\/www.ofible.ch\/de\/?s={search_term_string}"},"query-input":{"@type":"PropertyValueSpecification","valueRequired":true,"valueName":"search_term_string"}}],"inLanguage":"de"},{"@type":"Organization","@id":"https:\/\/www.ofible.ch\/de\/#organization","name":"Officine idroelettriche di Blenio SA","url":"https:\/\/www.ofible.ch\/de\/","logo":{"@type":"ImageObject","inLanguage":"de","@id":"https:\/\/www.ofible.ch\/de\/#\/schema\/logo\/image\/","url":"https:\/\/www.ofible.ch\/wp-content\/uploads\/2023\/02\/Ofima_officine_idroelettriche_maggia_logo.svg","contentUrl":"https:\/\/www.ofible.ch\/wp-content\/uploads\/2023\/02\/Ofima_officine_idroelettriche_maggia_logo.svg","width":"1024","height":"1024","caption":"Officine idroelettriche di Blenio SA"},"image":{"@id":"https:\/\/www.ofible.ch\/de\/#\/schema\/logo\/image\/"},"sameAs":["https:\/\/ch.linkedin.com\/company\/officine-idroelettriche-della-maggia-sa"]}]}},"_links":{"self":[{"href":"https:\/\/www.ofible.ch\/de\/wp-json\/wp\/v2\/pages\/30300","targetHints":{"allow":["GET"]}}],"collection":[{"href":"https:\/\/www.ofible.ch\/de\/wp-json\/wp\/v2\/pages"}],"about":[{"href":"https:\/\/www.ofible.ch\/de\/wp-json\/wp\/v2\/types\/page"}],"author":[{"embeddable":true,"href":"https:\/\/www.ofible.ch\/de\/wp-json\/wp\/v2\/users\/1"}],"replies":[{"embeddable":true,"href":"https:\/\/www.ofible.ch\/de\/wp-json\/wp\/v2\/comments?post=30300"}],"version-history":[{"count":7,"href":"https:\/\/www.ofible.ch\/de\/wp-json\/wp\/v2\/pages\/30300\/revisions"}],"predecessor-version":[{"id":30741,"href":"https:\/\/www.ofible.ch\/de\/wp-json\/wp\/v2\/pages\/30300\/revisions\/30741"}],"wp:attachment":[{"href":"https:\/\/www.ofible.ch\/de\/wp-json\/wp\/v2\/media?parent=30300"}],"curies":[{"name":"wp","href":"https:\/\/api.w.org\/{rel}","templated":true}]}}